{"id":20,"date":"2024-04-30T14:33:32","date_gmt":"2024-04-30T12:33:32","guid":{"rendered":"http:\/\/kokedama-architecture.com\/?page_id=20"},"modified":"2024-04-30T14:36:04","modified_gmt":"2024-04-30T12:36:04","slug":"bienvenue-sur-le-site-de","status":"publish","type":"page","link":"https:\/\/kokedama-architecture.com\/index.php\/bienvenue-sur-le-site-de\/","title":{"rendered":"KOKEDAMA ARCHITECTURE"},"content":{"rendered":"\n<figure class=\"wp-block-image size-full\"><img loading=\"lazy\" decoding=\"async\" width=\"1000\" height=\"795\" src=\"http:\/\/kokedama-architecture.com\/wp-content\/uploads\/2024\/04\/Logo-03-CTA.png\" alt=\"\" class=\"wp-image-11\" srcset=\"https:\/\/kokedama-architecture.com\/wp-content\/uploads\/2024\/04\/Logo-03-CTA.png 1000w, https:\/\/kokedama-architecture.com\/wp-content\/uploads\/2024\/04\/Logo-03-CTA-300x239.png 300w, https:\/\/kokedama-architecture.com\/wp-content\/uploads\/2024\/04\/Logo-03-CTA-768x611.png 768w\" sizes=\"auto, (max-width: 1000px) 100vw, 1000px\" \/><\/figure>\n\n\n\n<h2 class=\"wp-block-heading has-text-align-center\">&amp;<\/h2>\n\n\n\n<h2 class=\"wp-block-heading has-text-align-center\"><strong>MARIE-LAURE REPPELIN STUDIO<\/strong><\/h2>\n\n\n\n<h2 class=\"wp-block-heading has-text-align-center\">s&#8217;associent<\/h2>\n\n\n\n<h2 class=\"wp-block-heading has-text-align-center\">et deviennent&#8230;<\/h2>\n\n\n\n<h2 class=\"wp-block-heading\"><strong>KOKEDAMA ARCHITECTURE<\/strong><\/h2>\n\n\n\n<figure class=\"wp-block-image size-large\"><img loading=\"lazy\" decoding=\"async\" width=\"1024\" height=\"1024\" src=\"http:\/\/kokedama-architecture.com\/wp-content\/uploads\/2024\/04\/kokedama-photo-1024x1024.jpg\" alt=\"\" class=\"wp-image-16\" srcset=\"https:\/\/kokedama-architecture.com\/wp-content\/uploads\/2024\/04\/kokedama-photo-1024x1024.jpg 1024w, https:\/\/kokedama-architecture.com\/wp-content\/uploads\/2024\/04\/kokedama-photo-300x300.jpg 300w, https:\/\/kokedama-architecture.com\/wp-content\/uploads\/2024\/04\/kokedama-photo-150x150.jpg 150w, https:\/\/kokedama-architecture.com\/wp-content\/uploads\/2024\/04\/kokedama-photo-768x768.jpg 768w, https:\/\/kokedama-architecture.com\/wp-content\/uploads\/2024\/04\/kokedama-photo.jpg 1350w\" sizes=\"auto, (max-width: 1024px) 100vw, 1024px\" \/><\/figure>\n\n\n\n<p>Bient\u00f4t, nous vous raconterons notre histoire, notre parcours, nos projets, vos projets!<\/p>\n\n\n\n<p>Nous avons h\u00e2te de vous pr\u00e9senter tout \u00e7a, mais il faudra encore un peu de patience !<\/p>\n\n\n\n<p>\u00c0 tr\u00e8s vite, Marie-Laure et Camille !<\/p>\n","protected":false},"excerpt":{"rendered":"<p>&amp; MARIE-LAURE REPPELIN STUDIO s&#8217;associent et deviennent&#8230; KOKEDAMA ARCHITECTURE Bient\u00f4t, nous vous raconterons notre histoire, notre parcours, nos projets, vos projets! Nous avons h\u00e2te de vous pr\u00e9senter tout \u00e7a, mais il faudra encore un peu de patience ! \u00c0 tr\u00e8s vite, Marie-Laure et Camille !<\/p>\n","protected":false},"author":1,"featured_media":0,"parent":0,"menu_order":0,"comment_status":"closed","ping_status":"closed","template":"","meta":{"footnotes":""},"class_list":["post-20","page","type-page","status-publish","hentry"],"_links":{"self":[{"href":"https:\/\/kokedama-architecture.com\/index.php\/wp-json\/wp\/v2\/pages\/20","targetHints":{"allow":["GET"]}}],"collection":[{"href":"https:\/\/kokedama-architecture.com\/index.php\/wp-json\/wp\/v2\/pages"}],"about":[{"href":"https:\/\/kokedama-architecture.com\/index.php\/wp-json\/wp\/v2\/types\/page"}],"author":[{"embeddable":true,"href":"https:\/\/kokedama-architecture.com\/index.php\/wp-json\/wp\/v2\/users\/1"}],"replies":[{"embeddable":true,"href":"https:\/\/kokedama-architecture.com\/index.php\/wp-json\/wp\/v2\/comments?post=20"}],"version-history":[{"count":2,"href":"https:\/\/kokedama-architecture.com\/index.php\/wp-json\/wp\/v2\/pages\/20\/revisions"}],"predecessor-version":[{"id":23,"href":"https:\/\/kokedama-architecture.com\/index.php\/wp-json\/wp\/v2\/pages\/20\/revisions\/23"}],"wp:attachment":[{"href":"https:\/\/kokedama-architecture.com\/index.php\/wp-json\/wp\/v2\/media?parent=20"}],"curies":[{"name":"wp","href":"https:\/\/api.w.org\/{rel}","templated":true}]}}